{"id":1207,"date":"2021-11-25T11:05:55","date_gmt":"2021-11-25T11:05:55","guid":{"rendered":"https:\/\/kocevsko-outdoor.si\/information\/obiskovalci\/"},"modified":"2025-11-07T12:21:53","modified_gmt":"2025-11-07T12:21:53","slug":"visitors","status":"publish","type":"page","link":"https:\/\/kocevsko-outdoor.si\/en\/information\/visitors\/","title":{"rendered":"Visitors"},"content":{"rendered":"\t\t<div data-elementor-type=\"wp-page\" data-elementor-id=\"1207\" class=\"elementor elementor-1207 elementor-548\" data-elementor-post-type=\"page\">\n\t\t\t\t\t\t<section class=\"elementor-section elementor-top-section elementor-element elementor-element-a600a4f elementor-section-height-min-height elementor-section-boxed elementor-section-height-default elementor-section-items-middle\" data-id=\"a600a4f\" data-element_type=\"section\" data-settings=\"{&quot;background_background&quot;:&quot;classic&quot;}\">\n\t\t\t\t\t\t<div class=\"elementor-container elementor-column-gap-default\">\n\t\t\t\t\t<div class=\"elementor-column elementor-col-100 elementor-top-column elementor-element elementor-element-71f9d28\" data-id=\"71f9d28\" data-element_type=\"column\">\n\t\t\t<div class=\"elementor-widget-wrap elementor-element-populated\">\n\t\t\t\t\t\t<div class=\"elementor-element elementor-element-57fd670 elementor-invisible elementor-widget elementor-widget-heading\" data-id=\"57fd670\" data-element_type=\"widget\" data-settings=\"{&quot;_animation&quot;:&quot;fadeInUp&quot;}\" data-widget_type=\"heading.default\">\n\t\t\t\t<div class=\"elementor-widget-container\">\n\t\t\t\t\t<h2 class=\"elementor-heading-title elementor-size-default\">Information<\/h2>\t\t\t\t<\/div>\n\t\t\t\t<\/div>\n\t\t\t\t\t<\/div>\n\t\t<\/div>\n\t\t\t\t\t<\/div>\n\t\t<\/section>\n\t\t\t\t<section class=\"elementor-section elementor-top-section elementor-element elementor-element-581915a elementor-section-height-min-height telefon_s elementor-section-boxed elementor-section-height-default elementor-section-items-middle\" data-id=\"581915a\" data-element_type=\"section\" data-settings=\"{&quot;background_background&quot;:&quot;classic&quot;}\">\n\t\t\t\t\t\t<div class=\"elementor-container elementor-column-gap-default\">\n\t\t\t\t\t<div class=\"elementor-column elementor-col-100 elementor-top-column elementor-element elementor-element-4de6d79\" data-id=\"4de6d79\" data-element_type=\"column\">\n\t\t\t<div class=\"elementor-widget-wrap elementor-element-populated\">\n\t\t\t\t\t\t<div class=\"elementor-element elementor-element-b280134 elementor-nav-menu__align-center elementor-nav-menu--dropdown-tablet elementor-nav-menu__text-align-aside elementor-nav-menu--toggle elementor-nav-menu--burger elementor-widget elementor-widget-nav-menu\" data-id=\"b280134\" data-element_type=\"widget\" data-settings=\"{&quot;layout&quot;:&quot;horizontal&quot;,&quot;submenu_icon&quot;:{&quot;value&quot;:&quot;&lt;i class=\\&quot;fas fa-caret-down\\&quot; aria-hidden=\\&quot;true\\&quot;&gt;&lt;\\\/i&gt;&quot;,&quot;library&quot;:&quot;fa-solid&quot;},&quot;toggle&quot;:&quot;burger&quot;}\" data-widget_type=\"nav-menu.default\">\n\t\t\t\t<div class=\"elementor-widget-container\">\n\t\t\t\t\t\t\t\t<nav aria-label=\"Menu\" class=\"elementor-nav-menu--main elementor-nav-menu__container elementor-nav-menu--layout-horizontal e--pointer-underline e--animation-fade\">\n\t\t\t\t<ul id=\"menu-1-b280134\" class=\"elementor-nav-menu\"><li class=\"menu-item menu-item-type-post_type menu-item-object-page menu-item-4683\"><a href=\"https:\/\/kocevsko-outdoor.si\/en\/information\/venue\/\" class=\"elementor-item\">Venue<\/a><\/li>\n<li class=\"menu-item menu-item-type-post_type menu-item-object-page menu-item-1304\"><a href=\"https:\/\/kocevsko-outdoor.si\/en\/information\/team\/\" class=\"elementor-item\">Team<\/a><\/li>\n<li class=\"menu-item menu-item-type-post_type menu-item-object-page menu-item-7861\"><a href=\"https:\/\/kocevsko-outdoor.si\/en\/information\/exhibitors\/\" class=\"elementor-item\">Exhibitors<\/a><\/li>\n<li class=\"menu-item menu-item-type-post_type menu-item-object-page menu-item-8421\"><a href=\"https:\/\/kocevsko-outdoor.si\/en\/information\/faq\/\" class=\"elementor-item\">FAQ<\/a><\/li>\n<\/ul>\t\t\t<\/nav>\n\t\t\t\t\t<div class=\"elementor-menu-toggle\" role=\"button\" tabindex=\"0\" aria-label=\"Menu Toggle\" aria-expanded=\"false\">\n\t\t\t<i aria-hidden=\"true\" role=\"presentation\" class=\"elementor-menu-toggle__icon--open eicon-menu-bar\"><\/i><i aria-hidden=\"true\" role=\"presentation\" class=\"elementor-menu-toggle__icon--close eicon-close\"><\/i>\t\t<\/div>\n\t\t\t\t\t<nav class=\"elementor-nav-menu--dropdown elementor-nav-menu__container\" aria-hidden=\"true\">\n\t\t\t\t<ul id=\"menu-2-b280134\" class=\"elementor-nav-menu\"><li class=\"menu-item menu-item-type-post_type menu-item-object-page menu-item-4683\"><a href=\"https:\/\/kocevsko-outdoor.si\/en\/information\/venue\/\" class=\"elementor-item\" tabindex=\"-1\">Venue<\/a><\/li>\n<li class=\"menu-item menu-item-type-post_type menu-item-object-page menu-item-1304\"><a href=\"https:\/\/kocevsko-outdoor.si\/en\/information\/team\/\" class=\"elementor-item\" tabindex=\"-1\">Team<\/a><\/li>\n<li class=\"menu-item menu-item-type-post_type menu-item-object-page menu-item-7861\"><a href=\"https:\/\/kocevsko-outdoor.si\/en\/information\/exhibitors\/\" class=\"elementor-item\" tabindex=\"-1\">Exhibitors<\/a><\/li>\n<li class=\"menu-item menu-item-type-post_type menu-item-object-page menu-item-8421\"><a href=\"https:\/\/kocevsko-outdoor.si\/en\/information\/faq\/\" class=\"elementor-item\" tabindex=\"-1\">FAQ<\/a><\/li>\n<\/ul>\t\t\t<\/nav>\n\t\t\t\t\t\t<\/div>\n\t\t\t\t<\/div>\n\t\t\t\t\t<\/div>\n\t\t<\/div>\n\t\t\t\t\t<\/div>\n\t\t<\/section>\n\t\t\t\t<section class=\"elementor-section elementor-top-section elementor-element elementor-element-4ceab7d elementor-section-height-min-height namizje_s elementor-section-items-stretch elementor-section-content-middle elementor-section-boxed elementor-section-height-default\" data-id=\"4ceab7d\" data-element_type=\"section\" data-settings=\"{&quot;background_background&quot;:&quot;classic&quot;}\">\n\t\t\t\t\t\t<div class=\"elementor-container elementor-column-gap-default\">\n\t\t\t\t\t<div class=\"elementor-column elementor-col-100 elementor-top-column elementor-element elementor-element-b0f409d\" data-id=\"b0f409d\" data-element_type=\"column\">\n\t\t\t<div class=\"elementor-widget-wrap elementor-element-populated\">\n\t\t\t\t\t\t<div class=\"elementor-element elementor-element-5d806d4 elementor-widget elementor-widget-toggle\" data-id=\"5d806d4\" data-element_type=\"widget\" data-widget_type=\"toggle.default\">\n\t\t\t\t<div class=\"elementor-widget-container\">\n\t\t\t\t\t\t\t<div class=\"elementor-toggle\">\n\t\t\t\t\t\t\t<div class=\"elementor-toggle-item\">\n\t\t\t\t\t<div id=\"elementor-tab-title-9801\" class=\"elementor-tab-title\" data-tab=\"1\" role=\"button\" aria-controls=\"elementor-tab-content-9801\" aria-expanded=\"false\">\n\t\t\t\t\t\t\t\t\t\t\t\t<span class=\"elementor-toggle-icon elementor-toggle-icon-right\" aria-hidden=\"true\">\n\t\t\t\t\t\t\t\t\t\t\t\t\t\t\t<span class=\"elementor-toggle-icon-closed\"><i class=\"fas fa-chevron-down\"><\/i><\/span>\n\t\t\t\t\t\t\t\t<span class=\"elementor-toggle-icon-opened\"><i class=\"elementor-toggle-icon-opened fas fa-chevron-up\"><\/i><\/span>\n\t\t\t\t\t\t\t\t\t\t\t\t\t<\/span>\n\t\t\t\t\t\t\t\t\t\t\t\t<a class=\"elementor-toggle-title\" tabindex=\"0\">Visitors<\/a>\n\t\t\t\t\t<\/div>\n\n\t\t\t\t\t<div id=\"elementor-tab-content-9801\" class=\"elementor-tab-content elementor-clearfix\" data-tab=\"1\" role=\"region\" aria-labelledby=\"elementor-tab-title-9801\"><p><a href=\"https:\/\/kocevsko-outdoor.si\/en\/information\/team\/\">Team<\/a><\/p><p><a href=\"https:\/\/kocevsko-outdoor.si\/en\/information\/venue\/\">Venue<\/a><\/p><p><a href=\"https:\/\/kocevsko-outdoor.si\/en\/information\/exhibitors\/\">Exihibitors<\/a><\/p><p><a href=\"https:\/\/kocevsko-outdoor.si\/en\/faq\/\">FAQ<\/a><\/p><\/div>\n\t\t\t\t<\/div>\n\t\t\t\t\t\t\t\t<\/div>\n\t\t\t\t\t\t<\/div>\n\t\t\t\t<\/div>\n\t\t\t\t\t<\/div>\n\t\t<\/div>\n\t\t\t\t\t<\/div>\n\t\t<\/section>\n\t\t\t\t<section class=\"elementor-section elementor-top-section elementor-element elementor-element-f43fae0 elementor-section-boxed elementor-section-height-default elementor-section-height-default\" data-id=\"f43fae0\" data-element_type=\"section\">\n\t\t\t\t\t\t<div class=\"elementor-container elementor-column-gap-default\">\n\t\t\t\t\t<div class=\"elementor-column elementor-col-100 elementor-top-column elementor-element elementor-element-785837e\" data-id=\"785837e\" data-element_type=\"column\">\n\t\t\t<div class=\"elementor-widget-wrap elementor-element-populated\">\n\t\t\t\t\t\t<div class=\"elementor-element elementor-element-78b174c elementor-widget elementor-widget-heading\" data-id=\"78b174c\" data-element_type=\"widget\" data-widget_type=\"heading.default\">\n\t\t\t\t<div class=\"elementor-widget-container\">\n\t\t\t\t\t<h2 class=\"elementor-heading-title elementor-size-default\">Camping<\/h2>\t\t\t\t<\/div>\n\t\t\t\t<\/div>\n\t\t\t\t<div class=\"elementor-element elementor-element-0ba738d elementor-widget elementor-widget-text-editor\" data-id=\"0ba738d\" data-element_type=\"widget\" data-widget_type=\"text-editor.default\">\n\t\t\t\t<div class=\"elementor-widget-container\">\n\t\t\t\t\t\t\t\t\t<p>There will be a camping site available during the festival. We\u2019ll publish more information soon.<\/p>\t\t\t\t\t\t\t\t<\/div>\n\t\t\t\t<\/div>\n\t\t\t\t\t<\/div>\n\t\t<\/div>\n\t\t\t\t\t<\/div>\n\t\t<\/section>\n\t\t\t\t<section class=\"elementor-section elementor-top-section elementor-element elementor-element-fb51eff elementor-section-boxed elementor-section-height-default elementor-section-height-default\" data-id=\"fb51eff\" data-element_type=\"section\">\n\t\t\t\t\t\t<div class=\"elementor-container elementor-column-gap-default\">\n\t\t\t\t\t<div class=\"elementor-column elementor-col-100 elementor-top-column elementor-element elementor-element-5bf9f82\" data-id=\"5bf9f82\" data-element_type=\"column\">\n\t\t\t<div class=\"elementor-widget-wrap elementor-element-populated\">\n\t\t\t\t\t\t<div class=\"elementor-element elementor-element-e21ff28 elementor-widget elementor-widget-heading\" data-id=\"e21ff28\" data-element_type=\"widget\" data-widget_type=\"heading.default\">\n\t\t\t\t<div class=\"elementor-widget-container\">\n\t\t\t\t\t<h2 class=\"elementor-heading-title elementor-size-default\">Accomodation<\/h2>\t\t\t\t<\/div>\n\t\t\t\t<\/div>\n\t\t\t\t<div class=\"elementor-element elementor-element-828eb67 elementor-widget elementor-widget-text-editor\" data-id=\"828eb67\" data-element_type=\"widget\" data-widget_type=\"text-editor.default\">\n\t\t\t\t<div class=\"elementor-widget-container\">\n\t\t\t\t\t\t\t\t\t<p>Ko\u010devsko area offers various accommodation types. Browse through local accommodations and make sure you book your stay in advance <a href=\"https:\/\/www.kocevsko.com\/sl\/nastanitve\/\" target=\"_blank\" rel=\"noopener\">HERE.<\/a><\/p>\t\t\t\t\t\t\t\t<\/div>\n\t\t\t\t<\/div>\n\t\t\t\t\t<\/div>\n\t\t<\/div>\n\t\t\t\t\t<\/div>\n\t\t<\/section>\n\t\t\t\t<section class=\"elementor-section elementor-top-section elementor-element elementor-element-aa39df2 elementor-section-boxed elementor-section-height-default elementor-section-height-default\" data-id=\"aa39df2\" data-element_type=\"section\">\n\t\t\t\t\t\t<div class=\"elementor-container elementor-column-gap-default\">\n\t\t\t\t\t<div class=\"elementor-column elementor-col-100 elementor-top-column elementor-element elementor-element-0199542\" data-id=\"0199542\" data-element_type=\"column\">\n\t\t\t<div class=\"elementor-widget-wrap elementor-element-populated\">\n\t\t\t\t\t\t<div class=\"elementor-element elementor-element-4747b7d elementor-widget elementor-widget-heading\" data-id=\"4747b7d\" data-element_type=\"widget\" data-widget_type=\"heading.default\">\n\t\t\t\t<div class=\"elementor-widget-container\">\n\t\t\t\t\t<h2 class=\"elementor-heading-title elementor-size-default\">How to get to Ko\u010devje?<\/h2>\t\t\t\t<\/div>\n\t\t\t\t<\/div>\n\t\t\t\t<div class=\"elementor-element elementor-element-3bd2acf elementor-widget elementor-widget-text-editor\" data-id=\"3bd2acf\" data-element_type=\"widget\" data-widget_type=\"text-editor.default\">\n\t\t\t\t<div class=\"elementor-widget-container\">\n\t\t\t\t\t\t\t\t\t<p>Before driving your car to Ko\u010devje, check out some more sustainable transport offers!\u00a0<\/p><p>Get to Ko\u010devje by train:\u00a0<a href=\"https:\/\/potniski.sz.si\/\" target=\"_blank\" rel=\"noopener\">CHECK<\/a> IT OUT<\/p><p>Get to Ko\u010devje by bus:\u00a0<a href=\"https:\/\/www.nomago.si\/\" target=\"_blank\" rel=\"noopener\">CHECK<\/a> IT OUT<\/p><p>You can get the most reliable information about the destination at the local info and tourist points: <a href=\"https:\/\/www.kocevsko.com\/sl\/poi\/hostel-bearlog-tic-kocevje\/\" target=\"_blank\" rel=\"noopener\">Hostel Bearlog<\/a>,\u00a0<a href=\"https:\/\/www.kocevsko.com\/sl\/poi\/camp-jezero\/\" target=\"_blank\" rel=\"noopener\">Camp Jezero Ko\u010devsko<\/a>,\u00a0<a href=\"https:\/\/www.kocevsko.com\/sl\/poi\/tic-kocevska-reka-in-zbirno-mesto-bunkerja-skrilj\/\" target=\"_blank\" rel=\"noopener\">TIC Ko\u010devska Reka<\/a>\u00a0in\u00a0<a href=\"https:\/\/www.kocevsko.com\/sl\/poi\/tic-zelezniska-postaja-kocevje\/\" target=\"_blank\" rel=\"noopener\">TIC \u017delezni\u0161ka postaja Ko\u010devje<\/a>.<\/p>\t\t\t\t\t\t\t\t<\/div>\n\t\t\t\t<\/div>\n\t\t\t\t<div class=\"elementor-element elementor-element-5320509 elementor-widget elementor-widget-image\" data-id=\"5320509\" data-element_type=\"widget\" data-widget_type=\"image.default\">\n\t\t\t\t<div class=\"elementor-widget-container\">\n\t\t\t\t\t\t\t\t\t\t\t\t\t\t\t<img fetchpriority=\"high\" decoding=\"async\" width=\"2560\" height=\"1705\" src=\"https:\/\/kocevsko-outdoor.si\/wp-content\/uploads\/2021\/12\/Kocevsko_Nea-Culpa_Jost_Gantar_-259_3-1-scaled.jpg\" class=\"attachment-full size-full wp-image-2309\" alt=\"\" srcset=\"https:\/\/kocevsko-outdoor.si\/wp-content\/uploads\/2021\/12\/Kocevsko_Nea-Culpa_Jost_Gantar_-259_3-1-scaled.jpg 2560w, https:\/\/kocevsko-outdoor.si\/wp-content\/uploads\/2021\/12\/Kocevsko_Nea-Culpa_Jost_Gantar_-259_3-1-300x200.jpg 300w, https:\/\/kocevsko-outdoor.si\/wp-content\/uploads\/2021\/12\/Kocevsko_Nea-Culpa_Jost_Gantar_-259_3-1-1024x682.jpg 1024w, https:\/\/kocevsko-outdoor.si\/wp-content\/uploads\/2021\/12\/Kocevsko_Nea-Culpa_Jost_Gantar_-259_3-1-768x512.jpg 768w, https:\/\/kocevsko-outdoor.si\/wp-content\/uploads\/2021\/12\/Kocevsko_Nea-Culpa_Jost_Gantar_-259_3-1-1536x1023.jpg 1536w, https:\/\/kocevsko-outdoor.si\/wp-content\/uploads\/2021\/12\/Kocevsko_Nea-Culpa_Jost_Gantar_-259_3-1-2048x1364.jpg 2048w\" sizes=\"(max-width: 2560px) 100vw, 2560px\" \/>\t\t\t\t\t\t\t\t\t\t\t\t\t\t\t<\/div>\n\t\t\t\t<\/div>\n\t\t\t\t\t<\/div>\n\t\t<\/div>\n\t\t\t\t\t<\/div>\n\t\t<\/section>\n\t\t\t\t<\/div>\n\t\t","protected":false},"excerpt":{"rendered":"<p>Information Visitors Team Venue Exihibitors FAQ Camping There will be a camping site available during the festival. We\u2019ll publish more information soon. Accomodation Ko\u010devsko area offers various accommodation types. Browse through local accommodations and make sure you book your stay in advance HERE. How to get to Ko\u010devje? Before driving your car to Ko\u010devje, check [&hellip;]<\/p>\n","protected":false},"author":1,"featured_media":0,"parent":1199,"menu_order":0,"comment_status":"closed","ping_status":"closed","template":"","meta":{"footnotes":""},"class_list":["post-1207","page","type-page","status-publish","hentry"],"_links":{"self":[{"href":"https:\/\/kocevsko-outdoor.si\/en\/wp-json\/wp\/v2\/pages\/1207","targetHints":{"allow":["GET"]}}],"collection":[{"href":"https:\/\/kocevsko-outdoor.si\/en\/wp-json\/wp\/v2\/pages"}],"about":[{"href":"https:\/\/kocevsko-outdoor.si\/en\/wp-json\/wp\/v2\/types\/page"}],"author":[{"embeddable":true,"href":"https:\/\/kocevsko-outdoor.si\/en\/wp-json\/wp\/v2\/users\/1"}],"replies":[{"embeddable":true,"href":"https:\/\/kocevsko-outdoor.si\/en\/wp-json\/wp\/v2\/comments?post=1207"}],"version-history":[{"count":41,"href":"https:\/\/kocevsko-outdoor.si\/en\/wp-json\/wp\/v2\/pages\/1207\/revisions"}],"predecessor-version":[{"id":9858,"href":"https:\/\/kocevsko-outdoor.si\/en\/wp-json\/wp\/v2\/pages\/1207\/revisions\/9858"}],"up":[{"embeddable":true,"href":"https:\/\/kocevsko-outdoor.si\/en\/wp-json\/wp\/v2\/pages\/1199"}],"wp:attachment":[{"href":"https:\/\/kocevsko-outdoor.si\/en\/wp-json\/wp\/v2\/media?parent=1207"}],"curies":[{"name":"wp","href":"https:\/\/api.w.org\/{rel}","templated":true}]}}