{"id":10606,"date":"2025-12-22T09:21:22","date_gmt":"2025-12-22T09:21:22","guid":{"rendered":"https:\/\/kocevsko-outdoor.si\/program-2\/"},"modified":"2026-04-20T11:36:12","modified_gmt":"2026-04-20T11:36:12","slug":"program-kof","status":"publish","type":"page","link":"https:\/\/kocevsko-outdoor.si\/en\/program-kof\/","title":{"rendered":"Program"},"content":{"rendered":"\t\t<div data-elementor-type=\"wp-page\" data-elementor-id=\"10606\" class=\"elementor elementor-10606 elementor-10591\" data-elementor-post-type=\"page\">\n\t\t\t\t\t\t<section class=\"elementor-section elementor-top-section elementor-element elementor-element-ac404c0 elementor-section-height-min-height elementor-section-boxed elementor-section-height-default elementor-section-items-middle\" data-id=\"ac404c0\" data-element_type=\"section\" data-settings=\"{&quot;background_background&quot;:&quot;classic&quot;}\">\n\t\t\t\t\t\t<div class=\"elementor-container elementor-column-gap-default\">\n\t\t\t\t\t<div class=\"elementor-column elementor-col-100 elementor-top-column elementor-element elementor-element-b4d7a9f\" data-id=\"b4d7a9f\" data-element_type=\"column\">\n\t\t\t<div class=\"elementor-widget-wrap elementor-element-populated\">\n\t\t\t\t\t\t<div class=\"elementor-element elementor-element-cb997ba elementor-invisible elementor-widget elementor-widget-heading\" data-id=\"cb997ba\" data-element_type=\"widget\" data-settings=\"{&quot;_animation&quot;:&quot;fadeInUp&quot;}\" data-widget_type=\"heading.default\">\n\t\t\t\t<div class=\"elementor-widget-container\">\n\t\t\t\t\t<h2 class=\"elementor-heading-title elementor-size-default\">Program<\/h2>\t\t\t\t<\/div>\n\t\t\t\t<\/div>\n\t\t\t\t\t<\/div>\n\t\t<\/div>\n\t\t\t\t\t<\/div>\n\t\t<\/section>\n\t\t<div class=\"elementor-element elementor-element-7628ada e-flex e-con-boxed e-con e-parent\" data-id=\"7628ada\" data-element_type=\"container\">\n\t\t\t\t\t<div class=\"e-con-inner\">\n\t\t\t\t<div class=\"elementor-element elementor-element-2847792 elementor-widget elementor-widget-spacer\" data-id=\"2847792\" data-element_type=\"widget\" data-widget_type=\"spacer.default\">\n\t\t\t\t<div class=\"elementor-widget-container\">\n\t\t\t\t\t\t\t<div class=\"elementor-spacer\">\n\t\t\t<div class=\"elementor-spacer-inner\"><\/div>\n\t\t<\/div>\n\t\t\t\t\t\t<\/div>\n\t\t\t\t<\/div>\n\t\t\t\t\t<\/div>\n\t\t\t\t<\/div>\n\t\t<div class=\"elementor-element elementor-element-f5ec3f9 e-con-full e-flex e-con e-parent\" data-id=\"f5ec3f9\" data-element_type=\"container\">\n\t\t<div class=\"elementor-element elementor-element-b261471 e-con-full e-flex e-con e-child\" data-id=\"b261471\" data-element_type=\"container\">\n\t\t\t\t<div class=\"elementor-element elementor-element-df4903b elementor-widget elementor-widget-image\" data-id=\"df4903b\" data-element_type=\"widget\" data-widget_type=\"image.default\">\n\t\t\t\t<div class=\"elementor-widget-container\">\n\t\t\t\t\t\t\t\t\t\t\t\t\t\t\t<img fetchpriority=\"high\" decoding=\"async\" width=\"2560\" height=\"1143\" src=\"https:\/\/kocevsko-outdoor.si\/wp-content\/uploads\/2025\/12\/c8ec1a18-2b53-4f9c-8686-47ecdbd776c5-scaled.jpg\" class=\"attachment-full size-full wp-image-10770\" alt=\"\" srcset=\"https:\/\/kocevsko-outdoor.si\/wp-content\/uploads\/2025\/12\/c8ec1a18-2b53-4f9c-8686-47ecdbd776c5-scaled.jpg 2560w, https:\/\/kocevsko-outdoor.si\/wp-content\/uploads\/2025\/12\/c8ec1a18-2b53-4f9c-8686-47ecdbd776c5-300x134.jpg 300w, https:\/\/kocevsko-outdoor.si\/wp-content\/uploads\/2025\/12\/c8ec1a18-2b53-4f9c-8686-47ecdbd776c5-1024x457.jpg 1024w, https:\/\/kocevsko-outdoor.si\/wp-content\/uploads\/2025\/12\/c8ec1a18-2b53-4f9c-8686-47ecdbd776c5-768x343.jpg 768w, https:\/\/kocevsko-outdoor.si\/wp-content\/uploads\/2025\/12\/c8ec1a18-2b53-4f9c-8686-47ecdbd776c5-1536x686.jpg 1536w, https:\/\/kocevsko-outdoor.si\/wp-content\/uploads\/2025\/12\/c8ec1a18-2b53-4f9c-8686-47ecdbd776c5-2048x914.jpg 2048w\" sizes=\"(max-width: 2560px) 100vw, 2560px\" \/>\t\t\t\t\t\t\t\t\t\t\t\t\t\t\t<\/div>\n\t\t\t\t<\/div>\n\t\t\t\t<\/div>\n\t\t<div class=\"elementor-element elementor-element-dd4db4b e-con-full e-flex e-con e-child\" data-id=\"dd4db4b\" data-element_type=\"container\">\n\t\t\t\t<div class=\"elementor-element elementor-element-f62641f elementor-widget elementor-widget-text-editor\" data-id=\"f62641f\" data-element_type=\"widget\" data-widget_type=\"text-editor.default\">\n\t\t\t\t<div class=\"elementor-widget-container\">\n\t\t\t\t\t\t\t\t\t<h3><strong>FRIDAY, 29. 5. 2026<\/strong><\/h3>\t\t\t\t\t\t\t\t<\/div>\n\t\t\t\t<\/div>\n\t\t\t\t<div class=\"elementor-element elementor-element-8c223e5 elementor-widget elementor-widget-text-editor\" data-id=\"8c223e5\" data-element_type=\"widget\" data-widget_type=\"text-editor.default\">\n\t\t\t\t<div class=\"elementor-widget-container\">\n\t\t\t\t\t\t\t\t\t<p>17:00 &#8211; 20:00 <strong>Starting numbers pick up for all distances<\/strong> in MTB Center<\/p><p>18.30 <strong><a href=\"https:\/\/kocevsko-outdoor.si\/en\/routes\/vertical-fridrihstein\/\">start Vertikal Fridrih\u0161tajn run<\/a>\u00a0<\/strong>in MTB Centru<\/p><p>20:30 <strong>Vertical Fridrih\u0161tajn Run Awards Ceremony<\/strong><\/p>\t\t\t\t\t\t\t\t<\/div>\n\t\t\t\t<\/div>\n\t\t\t\t<\/div>\n\t\t\t\t<\/div>\n\t\t<div class=\"elementor-element elementor-element-e0d3f0a e-con-full e-flex e-con e-parent\" data-id=\"e0d3f0a\" data-element_type=\"container\">\n\t\t\t\t<div class=\"elementor-element elementor-element-bc3b973 elementor-widget elementor-widget-spacer\" data-id=\"bc3b973\" data-element_type=\"widget\" data-widget_type=\"spacer.default\">\n\t\t\t\t<div class=\"elementor-widget-container\">\n\t\t\t\t\t\t\t<div class=\"elementor-spacer\">\n\t\t\t<div class=\"elementor-spacer-inner\"><\/div>\n\t\t<\/div>\n\t\t\t\t\t\t<\/div>\n\t\t\t\t<\/div>\n\t\t\t\t<\/div>\n\t\t<div class=\"elementor-element elementor-element-f43abf1 e-con-full e-flex e-con e-parent\" data-id=\"f43abf1\" data-element_type=\"container\">\n\t\t<div class=\"elementor-element elementor-element-311055f e-con-full e-flex e-con e-child\" data-id=\"311055f\" data-element_type=\"container\">\n\t\t\t\t<div class=\"elementor-element elementor-element-fd80e65 elementor-widget elementor-widget-text-editor\" data-id=\"fd80e65\" data-element_type=\"widget\" data-widget_type=\"text-editor.default\">\n\t\t\t\t<div class=\"elementor-widget-container\">\n\t\t\t\t\t\t\t\t\t<h3><strong>SATURDAY, 30. 5. 2026<\/strong><\/h3>\t\t\t\t\t\t\t\t<\/div>\n\t\t\t\t<\/div>\n\t\t\t\t<div class=\"elementor-element elementor-element-587a5b3 elementor-widget elementor-widget-text-editor\" data-id=\"587a5b3\" data-element_type=\"widget\" data-widget_type=\"text-editor.default\">\n\t\t\t\t<div class=\"elementor-widget-container\">\n\t\t\t\t\t\t\t\t\t<p>6:30 <strong>Bus departure<\/strong> <strong>from MTB Center<\/strong> <strong>to the start of the 2-day hiking advanture<\/strong><\/p><p>6:00 \u2013 9:30\u00a0<strong>Starting numbers pick up<\/strong> (location: hall next to the TIC Jezero)<\/p><p>7:00 <a href=\"https:\/\/kocevsko-outdoor.si\/en\/hiking\/\"><strong>Start of 2-day hiking advanture<\/strong><\/a> (location: Ra\u0161ko lake, Ko\u010devska Reka)<\/p><p>7:00 \u2013 19:00<strong>\u00a0Outdoor EXPO<\/strong><\/p><p id=\"tw-target-text\" class=\"tw-data-text tw-text-large tw-ta\" dir=\"ltr\" tabindex=\"-1\" role=\"text\" data-placeholder=\"Prevod\" data-ved=\"2ahUKEwiymdbZiIuRAxUJBdsEHagNFgkQ3ewLegQICxAV\" aria-label=\"Prevedeno besedilo: Childcare with animations\">7:00 \u2013 15:00\u00a0<a href=\"https:\/\/kocevsko-outdoor.si\/en\/childcare-and-running-for-the-little-ones\/\"><strong>Childcare with animations<\/strong><\/a><\/p><p>7:00 <a href=\"https:\/\/kocevsko-outdoor.si\/en\/routes\/60-km\/\"><strong>Start Bear Trail 60km\u00a0<\/strong><\/a><\/p><p>7:30 <strong>Bust to the start of Wolf Trail 30km<\/strong> (location: \u017daga Rog)<\/p><p>9:00<a href=\"https:\/\/kocevsko-outdoor.si\/en\/routes\/30-km\/\">\u00a0<strong>Start Wolf Trail 30km<\/strong>\u00a0<\/a><\/p><p>10:00\u00a0<a href=\"https:\/\/kocevsko-outdoor.si\/en\/routes\/15-km-be-active\/\"><strong>Start Lynx Trail 15km\u00a0<\/strong><\/a><\/p><p>10:30<a href=\"https:\/\/kocevsko-outdoor.si\/en\/routes\/10-km\/\">\u00a0<strong>Start Fox Trail 10km<\/strong>\u00a0<\/a><\/p><p>10:40\u00a0<a href=\"https:\/\/kocevsko-outdoor.si\/en\/routes\/5-km\/\"><strong>Start Bambi Trail 5km<\/strong>\u00a0<\/a><\/p><p>11:00 \u2013 22:00\u00a0<strong>Arrivals of runners<\/strong> \u2013 peak between 12:00 and 15:00\u00a0(location: main venue by the lake)<\/p><p>13:00\u00a0<strong>Bambi Trail 5km Awards Ceremony<\/strong>\u00a0(location: main venue by the lake)<\/p><p>13:30\u00a0<strong>Fox Trail 10km Awards Ceremony<\/strong>\u00a0(location: main venue by the lake)<\/p><p>14:30\u00a0<strong>Lynx Trail 15km Awards Ceremony<\/strong>\u00a0(location: main venue by the lake)<\/p><p>14:00 &#8211; 15:00 <strong>Starting number pick up for Bunny Trail Kids run<\/strong><\/p><p>15:00<a href=\"https:\/\/kocevsko-outdoor.si\/en\/routes\/kids-run\/\"> <strong>Start<\/strong> <strong>Bunny Trail Kids run<\/strong><\/a><\/p><p>14:00 &#8211; 17:00 <strong><span class=\"Y2IQFc\" lang=\"en\">Hikers arrive at Luk\u010dev Homestead<\/span><\/strong><\/p><p><span class=\"Y2IQFc\" lang=\"en\">15:30<\/span><span class=\"Y2IQFc\" lang=\"en\"> Learning and tracking signs of the presence of wild animals in the Ko\u010devje region (location: TIC Jezero<\/span><span class=\"Y2IQFc\" lang=\"en\">)<\/span><\/p><p>15:40 Guided tour of the \u0160krilj bunker <span class=\"Y2IQFc\" lang=\"en\">(location: TIC<\/span><span class=\"Y2IQFc\" lang=\"en\"> Ko\u010devska Reka<\/span><span class=\"Y2IQFc\" lang=\"en\">)<\/span><\/p><p>16:30\u00a0<strong>Wolf Trail 30km Awards Ceremony<\/strong>\u00a0(location: main venue by the lake)<\/p><p>17:30\u00a0<strong>Bear Trail 60km Awards Ceremony<\/strong> (location: main venue by the lake)<\/p><p>19:00 \u2013 23:00 <strong>Evening concert<\/strong><\/p>\t\t\t\t\t\t\t\t<\/div>\n\t\t\t\t<\/div>\n\t\t\t\t<\/div>\n\t\t<div class=\"elementor-element elementor-element-3fb8902 e-con-full e-flex e-con e-child\" data-id=\"3fb8902\" data-element_type=\"container\">\n\t\t\t\t<div class=\"elementor-element elementor-element-f4ee527 elementor-widget__width-initial elementor-widget elementor-widget-image\" data-id=\"f4ee527\" data-element_type=\"widget\" data-widget_type=\"image.default\">\n\t\t\t\t<div class=\"elementor-widget-container\">\n\t\t\t\t\t\t\t\t\t\t\t\t\t\t\t<img decoding=\"async\" width=\"768\" height=\"960\" src=\"https:\/\/kocevsko-outdoor.si\/wp-content\/uploads\/2025\/12\/19-768x960.png\" class=\"attachment-medium_large size-medium_large wp-image-10776\" alt=\"\" srcset=\"https:\/\/kocevsko-outdoor.si\/wp-content\/uploads\/2025\/12\/19-768x960.png 768w, https:\/\/kocevsko-outdoor.si\/wp-content\/uploads\/2025\/12\/19-240x300.png 240w, https:\/\/kocevsko-outdoor.si\/wp-content\/uploads\/2025\/12\/19-819x1024.png 819w, https:\/\/kocevsko-outdoor.si\/wp-content\/uploads\/2025\/12\/19.png 1080w\" sizes=\"(max-width: 768px) 100vw, 768px\" \/>\t\t\t\t\t\t\t\t\t\t\t\t\t\t\t<\/div>\n\t\t\t\t<\/div>\n\t\t\t\t<\/div>\n\t\t\t\t<\/div>\n\t\t<div class=\"elementor-element elementor-element-3477341 e-flex e-con-boxed e-con e-parent\" data-id=\"3477341\" data-element_type=\"container\">\n\t\t\t\t\t<div class=\"e-con-inner\">\n\t\t\t\t<div class=\"elementor-element elementor-element-9c6be36 elementor-widget elementor-widget-spacer\" data-id=\"9c6be36\" data-element_type=\"widget\" data-widget_type=\"spacer.default\">\n\t\t\t\t<div class=\"elementor-widget-container\">\n\t\t\t\t\t\t\t<div class=\"elementor-spacer\">\n\t\t\t<div class=\"elementor-spacer-inner\"><\/div>\n\t\t<\/div>\n\t\t\t\t\t\t<\/div>\n\t\t\t\t<\/div>\n\t\t\t\t\t<\/div>\n\t\t\t\t<\/div>\n\t\t<div class=\"elementor-element elementor-element-9be9513 e-con-full e-flex e-con e-parent\" data-id=\"9be9513\" data-element_type=\"container\">\n\t\t<div class=\"elementor-element elementor-element-52a6d77 e-con-full e-flex e-con e-child\" data-id=\"52a6d77\" data-element_type=\"container\">\n\t\t\t\t<div class=\"elementor-element elementor-element-cd51320 elementor-widget elementor-widget-image\" data-id=\"cd51320\" data-element_type=\"widget\" data-widget_type=\"image.default\">\n\t\t\t\t<div class=\"elementor-widget-container\">\n\t\t\t\t\t\t\t\t\t\t\t\t\t\t\t<img decoding=\"async\" width=\"2560\" height=\"1271\" src=\"https:\/\/kocevsko-outdoor.si\/wp-content\/uploads\/2025\/12\/bcf21b2d-b726-4ea4-a444-e40d0c7db903-scaled.jpg\" class=\"attachment-full size-full wp-image-10780\" alt=\"\" srcset=\"https:\/\/kocevsko-outdoor.si\/wp-content\/uploads\/2025\/12\/bcf21b2d-b726-4ea4-a444-e40d0c7db903-scaled.jpg 2560w, https:\/\/kocevsko-outdoor.si\/wp-content\/uploads\/2025\/12\/bcf21b2d-b726-4ea4-a444-e40d0c7db903-300x149.jpg 300w, https:\/\/kocevsko-outdoor.si\/wp-content\/uploads\/2025\/12\/bcf21b2d-b726-4ea4-a444-e40d0c7db903-1024x509.jpg 1024w, https:\/\/kocevsko-outdoor.si\/wp-content\/uploads\/2025\/12\/bcf21b2d-b726-4ea4-a444-e40d0c7db903-768x381.jpg 768w, https:\/\/kocevsko-outdoor.si\/wp-content\/uploads\/2025\/12\/bcf21b2d-b726-4ea4-a444-e40d0c7db903-1536x763.jpg 1536w, https:\/\/kocevsko-outdoor.si\/wp-content\/uploads\/2025\/12\/bcf21b2d-b726-4ea4-a444-e40d0c7db903-2048x1017.jpg 2048w\" sizes=\"(max-width: 2560px) 100vw, 2560px\" \/>\t\t\t\t\t\t\t\t\t\t\t\t\t\t\t<\/div>\n\t\t\t\t<\/div>\n\t\t\t\t<\/div>\n\t\t<div class=\"elementor-element elementor-element-c75d94b e-con-full e-flex e-con e-child\" data-id=\"c75d94b\" data-element_type=\"container\">\n\t\t\t\t<div class=\"elementor-element elementor-element-22519c5 elementor-widget elementor-widget-text-editor\" data-id=\"22519c5\" data-element_type=\"widget\" data-widget_type=\"text-editor.default\">\n\t\t\t\t<div class=\"elementor-widget-container\">\n\t\t\t\t\t\t\t\t\t<h3><strong>SUNDAY, 31. 5. 2026<\/strong><\/h3>\t\t\t\t\t\t\t\t<\/div>\n\t\t\t\t<\/div>\n\t\t\t\t<div class=\"elementor-element elementor-element-1446d3e elementor-widget elementor-widget-text-editor\" data-id=\"1446d3e\" data-element_type=\"widget\" data-widget_type=\"text-editor.default\">\n\t\t\t\t<div class=\"elementor-widget-container\">\n\t\t\t\t\t\t\t\t\t<p dir=\"ltr\" tabindex=\"-1\" role=\"text\" data-placeholder=\"Prevod\" data-ved=\"2ahUKEwi55Zeo8NWRAxV2gP0HHR5GCjoQ3ewLegQIDBAW\" aria-label=\"Prevedeno besedilo: 9:00 Educational e-bike tour through the Ko\u010devje forests 9:00 Cycling trip through Ko\u010devje 9:30 Learning and tracking signs of the presence of wild animals in the Ko\u010devje region 9:30 Guided tour of the \u0160krilj bunker\">7:00<strong> Start od second day of 2-day hiking advanture<\/strong> (location: Luk\u010deva doma\u010dija)<\/p><p id=\"tw-target-text\" class=\"tw-data-text tw-text-large tw-ta\" dir=\"ltr\" tabindex=\"-1\" role=\"text\" data-placeholder=\"Prevod\" data-ved=\"2ahUKEwi55Zeo8NWRAxV2gP0HHR5GCjoQ3ewLegQIDBAW\" aria-label=\"Prevedeno besedilo: 9:00 Educational e-bike tour through the Ko\u010devje forests 9:00 Cycling trip through Ko\u010devje 9:30 Learning and tracking signs of the presence of wild animals in the Ko\u010devje region 9:30 Guided tour of the \u0160krilj bunker\"><span class=\"Y2IQFc\" lang=\"en\">9:40 Guided tour of the \u0160krilj bunker (location: TIC Ko\u010devska Reka)<\/span><\/p><p class=\"tw-data-text tw-text-large tw-ta\" dir=\"ltr\" tabindex=\"-1\" role=\"text\" data-placeholder=\"Prevod\" data-ved=\"2ahUKEwi55Zeo8NWRAxV2gP0HHR5GCjoQ3ewLegQIDBAW\" aria-label=\"Prevedeno besedilo: 9:00 Educational e-bike tour through the Ko\u010devje forests 9:00 Cycling trip through Ko\u010devje 9:30 Learning and tracking signs of the presence of wild animals in the Ko\u010devje region 9:30 Guided tour of the \u0160krilj bunker\"><span class=\"Y2IQFc\" lang=\"en\">10:00 Cycling trip through Ko\u010devje (location: Brelog hostel)<\/span><\/p><p dir=\"ltr\" tabindex=\"-1\" role=\"text\" data-placeholder=\"Prevod\" data-ved=\"2ahUKEwi55Zeo8NWRAxV2gP0HHR5GCjoQ3ewLegQIDBAW\" aria-label=\"Prevedeno besedilo: 9:00 Educational e-bike tour through the Ko\u010devje forests 9:00 Cycling trip through Ko\u010devje 9:30 Learning and tracking signs of the presence of wild animals in the Ko\u010devje region 9:30 Guided tour of the \u0160krilj bunker\">13:00 &#8211; 15:00 <span class=\"Y2IQFc\" lang=\"en\"><strong>Hikers arrive at finish line at the<\/strong> MTB Center, Ko\u010devje<\/span><\/p><p dir=\"ltr\" tabindex=\"-1\" role=\"text\" data-placeholder=\"Prevod\" data-ved=\"2ahUKEwi55Zeo8NWRAxV2gP0HHR5GCjoQ3ewLegQIDBAW\" aria-label=\"Prevedeno besedilo: 9:00 Educational e-bike tour through the Ko\u010devje forests 9:00 Cycling trip through Ko\u010devje 9:30 Learning and tracking signs of the presence of wild animals in the Ko\u010devje region 9:30 Guided tour of the \u0160krilj bunker\">\u00a0<\/p>\t\t\t\t\t\t\t\t<\/div>\n\t\t\t\t<\/div>\n\t\t\t\t<\/div>\n\t\t\t\t<\/div>\n\t\t<div class=\"elementor-element elementor-element-0b7b2a0 e-flex e-con-boxed e-con e-parent\" data-id=\"0b7b2a0\" data-element_type=\"container\">\n\t\t\t\t\t<div class=\"e-con-inner\">\n\t\t\t\t<div class=\"elementor-element elementor-element-705ea78 elementor-widget elementor-widget-spacer\" data-id=\"705ea78\" data-element_type=\"widget\" data-widget_type=\"spacer.default\">\n\t\t\t\t<div class=\"elementor-widget-container\">\n\t\t\t\t\t\t\t<div class=\"elementor-spacer\">\n\t\t\t<div class=\"elementor-spacer-inner\"><\/div>\n\t\t<\/div>\n\t\t\t\t\t\t<\/div>\n\t\t\t\t<\/div>\n\t\t\t\t\t<\/div>\n\t\t\t\t<\/div>\n\t\t<div class=\"elementor-element elementor-element-4014338 e-flex e-con-boxed e-con e-parent\" data-id=\"4014338\" data-element_type=\"container\">\n\t\t\t\t\t<div class=\"e-con-inner\">\n\t\t\t\t<div class=\"elementor-element elementor-element-968b7b8 elementor-widget elementor-widget-text-editor\" data-id=\"968b7b8\" data-element_type=\"widget\" data-widget_type=\"text-editor.default\">\n\t\t\t\t<div class=\"elementor-widget-container\">\n\t\t\t\t\t\t\t\t\t<h3><strong>LOOK HOW WE DID LAST YEAR:<\/strong><\/h3>\t\t\t\t\t\t\t\t<\/div>\n\t\t\t\t<\/div>\n\t\t\t\t\t<\/div>\n\t\t\t\t<\/div>\n\t\t<div class=\"elementor-element elementor-element-08652f1 e-flex e-con-boxed e-con e-parent\" data-id=\"08652f1\" data-element_type=\"container\">\n\t\t\t\t\t<div class=\"e-con-inner\">\n\t\t\t\t<div class=\"elementor-element elementor-element-aea182f elementor-widget elementor-widget-video\" data-id=\"aea182f\" data-element_type=\"widget\" data-settings=\"{&quot;youtube_url&quot;:&quot;https:\\\/\\\/www.youtube.com\\\/watch?v=sV5jThAbIVo&quot;,&quot;video_type&quot;:&quot;youtube&quot;,&quot;controls&quot;:&quot;yes&quot;}\" data-widget_type=\"video.default\">\n\t\t\t\t<div class=\"elementor-widget-container\">\n\t\t\t\t\t\t\t<div class=\"elementor-wrapper elementor-open-inline\">\n\t\t\t<div class=\"elementor-video\"><\/div>\t\t<\/div>\n\t\t\t\t\t\t<\/div>\n\t\t\t\t<\/div>\n\t\t\t\t\t<\/div>\n\t\t\t\t<\/div>\n\t\t\t\t<\/div>\n\t\t","protected":false},"excerpt":{"rendered":"<p>Program FRIDAY, 29. 5. 2026 17:00 &#8211; 20:00 Starting numbers pick up for all distances in MTB Center 18.30 start Vertikal Fridrih\u0161tajn run\u00a0in MTB Centru 20:30 Vertical Fridrih\u0161tajn Run Awards Ceremony SATURDAY, 30. 5. 2026 6:30 Bus departure from MTB Center to the start of the 2-day hiking advanture 6:00 \u2013 9:30\u00a0Starting numbers pick up [&hellip;]<\/p>\n","protected":false},"author":1,"featured_media":0,"parent":0,"menu_order":0,"comment_status":"closed","ping_status":"closed","template":"","meta":{"footnotes":""},"class_list":["post-10606","page","type-page","status-publish","hentry"],"_links":{"self":[{"href":"https:\/\/kocevsko-outdoor.si\/en\/wp-json\/wp\/v2\/pages\/10606","targetHints":{"allow":["GET"]}}],"collection":[{"href":"https:\/\/kocevsko-outdoor.si\/en\/wp-json\/wp\/v2\/pages"}],"about":[{"href":"https:\/\/kocevsko-outdoor.si\/en\/wp-json\/wp\/v2\/types\/page"}],"author":[{"embeddable":true,"href":"https:\/\/kocevsko-outdoor.si\/en\/wp-json\/wp\/v2\/users\/1"}],"replies":[{"embeddable":true,"href":"https:\/\/kocevsko-outdoor.si\/en\/wp-json\/wp\/v2\/comments?post=10606"}],"version-history":[{"count":31,"href":"https:\/\/kocevsko-outdoor.si\/en\/wp-json\/wp\/v2\/pages\/10606\/revisions"}],"predecessor-version":[{"id":13929,"href":"https:\/\/kocevsko-outdoor.si\/en\/wp-json\/wp\/v2\/pages\/10606\/revisions\/13929"}],"wp:attachment":[{"href":"https:\/\/kocevsko-outdoor.si\/en\/wp-json\/wp\/v2\/media?parent=10606"}],"curies":[{"name":"wp","href":"https:\/\/api.w.org\/{rel}","templated":true}]}}